{"id":91,"date":"2016-06-08T00:11:00","date_gmt":"2016-06-07T23:11:00","guid":{"rendered":"http:\/\/the7.io\/psy\/?page_id=91"},"modified":"2023-05-12T13:39:27","modified_gmt":"2023-05-12T12:39:27","slug":"centre-implantologie-rabat","status":"publish","type":"page","link":"https:\/\/implantologie-rabat.com\/index.php\/centre-implantologie-rabat\/","title":{"rendered":"\u00c0 PROPOS"},"content":{"rendered":"<div class=\"wpb-content-wrapper\"><p>[vc_row type=\u00a0\u00bbvc_default\u00a0\u00bb css=\u00a0\u00bb.vc_custom_1474212123263{padding-bottom: 40px !important;}\u00a0\u00bb][vc_column width=\u00a0\u00bb1\/2&Prime; css=\u00a0\u00bb.vc_custom_1467303303610{padding-bottom: 20px !important;}\u00a0\u00bb][vc_row_inner][vc_column_inner width=\u00a0\u00bb1\/2&Prime; offset=\u00a0\u00bbvc_col-lg-6 vc_col-md-6 vc_col-xs-6&Prime; css=\u00a0\u00bb.vc_custom_1461066632568{padding-right: 12px !important;padding-bottom: 30px !important;}\u00a0\u00bb][vc_single_image image=\u00a0\u00bb716&Prime; img_size=\u00a0\u00bb550 \u00d7 800&Prime; alignment=\u00a0\u00bbcenter\u00a0\u00bb onclick=\u00a0\u00bblink_image\u00a0\u00bb][vc_empty_space height=\u00a0\u00bb24px\u00a0\u00bb][vc_single_image image=\u00a0\u00bb715&Prime; img_size=\u00a0\u00bb800 \u00d7 543&Prime; alignment=\u00a0\u00bbcenter\u00a0\u00bb onclick=\u00a0\u00bblink_image\u00a0\u00bb][\/vc_column_inner][vc_column_inner width=\u00a0\u00bb1\/2&Prime; offset=\u00a0\u00bbvc_col-lg-offset-0 vc_col-lg-6 vc_col-md-offset-0 vc_col-md-6 vc_col-sm-offset-0 vc_col-xs-6&Prime; css=\u00a0\u00bb.vc_custom_1461066648706{padding-left: 12px !important;}\u00a0\u00bb][vc_single_image image=\u00a0\u00bb714&Prime; img_size=\u00a0\u00bb800\u00d7543&Prime; alignment=\u00a0\u00bbcenter\u00a0\u00bb onclick=\u00a0\u00bblink_image\u00a0\u00bb][\/vc_column_inner][\/vc_row_inner][\/vc_column][vc_column width=\u00a0\u00bb1\/2&Prime; css=\u00a0\u00bb.vc_custom_1467303244842{padding-bottom: 40px !important;}\u00a0\u00bb][vc_accordion active_tab=\u00a0\u00bb1&Prime; title_size=\u00a0\u00bbh5&Prime; style=\u00a0\u00bb2&Prime;][vc_accordion_tab title=\u00a0\u00bbImplantologie Rabat\u00a0\u00bb][vc_column_text css=\u00a0\u00bb.vc_custom_1513077193943{padding-bottom: 10px !important;}\u00a0\u00bb]<\/p>\n<div class=\"incTinyMce\">\n<p>&nbsp;<\/p>\n<p>Situ\u00e9\u00a0<strong>au c\u0153ur de Rabat Agdal<\/strong>, vous \u00eates re\u00e7u avec \u00e9gard par tout le personnel dans une atmosph\u00e8re d\u00e9contract\u00e9e et conviviale.\u00a0 Ce ne sont pas 32 dents que nous traitons, c\u2019est votre personne qui nous importe.\u00a0\u00a0Nos ann\u00e9es d\u2019existence, sont bas\u00e9es sur l\u2019honn\u00eatet\u00e9, l\u2019int\u00e9grit\u00e9 et la qualit\u00e9 de nos soins.<\/p>\n<p>Notre objectif est la prise en charge globale de votre sant\u00e9 bucco-dentaire au sein d\u2019un \u00e9tablissement accueillant par des praticiens ayant des niveaux de comp\u00e9tence \u00e9lev\u00e9s dans des domaines sp\u00e9cifiques\u00a0<strong>(Implantologie, Orthodontie, chirurgie buccale, parodontologie, endodontie, p\u00e9dodontie<\/strong>\u2026).<\/p>\n<p>Le Centre Dentaire Agdal de Rabat\u00a0est situ\u00e9e au\u00a0<strong>30, Rue Okba<\/strong>\u00a0(En face de la Salle Ibn Yassine et \u00e0 proximit\u00e9 du centre commercial Arribat) 3\u00e8me \u00e9tage, Agdal, Rabat.<\/p>\n<\/div>\n<p>[\/vc_column_text][\/vc_accordion_tab][\/vc_accordion][\/vc_column][\/vc_row][vc_row bg_type=\u00a0\u00bbbg_color\u00a0\u00bb bg_override=\u00a0\u00bbex-full\u00a0\u00bb type=\u00a0\u00bbvc_default\u00a0\u00bb css=\u00a0\u00bb.vc_custom_1466172065311{padding-top: 80px !important;padding-right: 15px !important;padding-bottom: 30px !important;padding-left: 15px !important;}\u00a0\u00bb el_id=\u00a0\u00bbtestimonials\u00a0\u00bb][vc_column offset=\u00a0\u00bbvc_col-lg-offset-2 vc_col-lg-8 vc_col-md-offset-2 vc_col-md-8 vc_col-sm-offset-0&Prime;][vc_progress_bar values=\u00a0\u00bb%5B%7B%22label%22%3A%22Qualit%C3%A9%20des%20soins%22%2C%22value%22%3A%2298%22%7D%2C%7B%22label%22%3A%22Rapport%20Qualit%C3%A9%2FPrix%22%2C%22value%22%3A%2290%22%7D%2C%7B%22label%22%3A%22D%C3%A9lais%20d&rsquo;attente%22%2C%22value%22%3A%2285%22%7D%5D\u00a0\u00bb title=\u00a0\u00bbTaux de satisfaction de nos patients\u00a0\u00bb][\/vc_column][vc_column css=\u00a0\u00bb.vc_custom_1467302875670{padding-bottom: 20px !important;}\u00a0\u00bb]<div id=\"ultimate-heading-7006a046db8ad9d6\" class=\"uvc-heading ult-adjust-bottom-margin ultimate-heading-7006a046db8ad9d6 uvc-1726 \" data-hspacer=\"no_spacer\"  data-halign=\"center\" style=\"text-align:center\"><div class=\"uvc-heading-spacer no_spacer\" style=\"top\"><\/div><div class=\"uvc-main-heading ult-responsive\"  data-ultimate-target='.uvc-heading.ultimate-heading-7006a046db8ad9d6 h2'  data-responsive-json-new='{\"font-size\":\"desktop:30px;\",\"line-height\":\"desktop:40px;\"}' ><h2 style=\"font-weight:bold;margin-bottom:10px;\">Avis de nos patients<\/h2><\/div><div class=\"uvc-sub-heading ult-responsive\"  data-ultimate-target='.uvc-heading.ultimate-heading-7006a046db8ad9d6 .uvc-sub-heading '  data-responsive-json-new='{\"font-size\":\"desktop:16px;\",\"line-height\":\"desktop:28px;\"}'  style=\"font-weight:normal;margin-bottom:50px;\"><\/p>\n<blockquote><p>Un grand professionnalisme de la part de ce m\u00e9decin et une bonne ma\u00eetrise dans son domaine ainsi qu une \u00e9quipe au top ! J\u2019 y reviendrai sans h\u00e9siter! Merci docteur<\/p>\n<p>&#8212; Nora Boushabs<\/p><\/blockquote>\n<p><\/div><\/div>[\/vc_column][\/vc_row]<\/p>\n<\/div>","protected":false},"excerpt":{"rendered":"<p>[vc_row type=\u00a0\u00bbvc_default\u00a0\u00bb css=\u00a0\u00bb.vc_custom_1474212123263{padding-bottom: 40px !important;}\u00a0\u00bb][vc_column width=\u00a0\u00bb1\/2&Prime; css=\u00a0\u00bb.vc_custom_1467303303610{padding-bottom: 20px !important;}\u00a0\u00bb][vc_row_inner][vc_column_inner width=\u00a0\u00bb1\/2&Prime; offset=\u00a0\u00bbvc_col-lg-6 vc_col-md-6 vc_col-xs-6&Prime; css=\u00a0\u00bb.vc_custom_1461066632568{padding-right: 12px !important;padding-bottom: 30px !important;}\u00a0\u00bb][vc_single_image image=\u00a0\u00bb716&Prime; img_size=\u00a0\u00bb550 \u00d7 800&Prime; alignment=\u00a0\u00bbcenter\u00a0\u00bb onclick=\u00a0\u00bblink_image\u00a0\u00bb][vc_empty_space height=\u00a0\u00bb24px\u00a0\u00bb][vc_single_image image=\u00a0\u00bb715&Prime; img_size=\u00a0\u00bb800 \u00d7 543&Prime; alignment=\u00a0\u00bbcenter\u00a0\u00bb onclick=\u00a0\u00bblink_image\u00a0\u00bb][\/vc_column_inner][vc_column_inner width=\u00a0\u00bb1\/2&Prime; offset=\u00a0\u00bbvc_col-lg-offset-0 vc_col-lg-6 vc_col-md-offset-0 vc_col-md-6 vc_col-sm-offset-0 vc_col-xs-6&Prime; css=\u00a0\u00bb.vc_custom_1461066648706{padding-left: 12px !important;}\u00a0\u00bb][vc_single_image image=\u00a0\u00bb714&Prime; img_size=\u00a0\u00bb800\u00d7543&Prime; alignment=\u00a0\u00bbcenter\u00a0\u00bb onclick=\u00a0\u00bblink_image\u00a0\u00bb][\/vc_column_inner][\/vc_row_inner][\/vc_column][vc_column width=\u00a0\u00bb1\/2&Prime; css=\u00a0\u00bb.vc_custom_1467303244842{padding-bottom: 40px !important;}\u00a0\u00bb][vc_accordion active_tab=\u00a0\u00bb1&Prime; title_size=\u00a0\u00bbh5&Prime; style=\u00a0\u00bb2&Prime;][vc_accordion_tab title=\u00a0\u00bbImplantologie Rabat\u00a0\u00bb][vc_column_text css=\u00a0\u00bb.vc_custom_1513077193943{padding-bottom:&hellip;<\/p>\n","protected":false},"author":125,"featured_media":0,"parent":0,"menu_order":1,"comment_status":"closed","ping_status":"closed","template":"","meta":{"footnotes":""},"_links":{"self":[{"href":"https:\/\/implantologie-rabat.com\/index.php\/wp-json\/wp\/v2\/pages\/91"}],"collection":[{"href":"https:\/\/implantologie-rabat.com\/index.php\/wp-json\/wp\/v2\/pages"}],"about":[{"href":"https:\/\/implantologie-rabat.com\/index.php\/wp-json\/wp\/v2\/types\/page"}],"author":[{"embeddable":true,"href":"https:\/\/implantologie-rabat.com\/index.php\/wp-json\/wp\/v2\/users\/125"}],"replies":[{"embeddable":true,"href":"https:\/\/implantologie-rabat.com\/index.php\/wp-json\/wp\/v2\/comments?post=91"}],"version-history":[{"count":12,"href":"https:\/\/implantologie-rabat.com\/index.php\/wp-json\/wp\/v2\/pages\/91\/revisions"}],"predecessor-version":[{"id":980,"href":"https:\/\/implantologie-rabat.com\/index.php\/wp-json\/wp\/v2\/pages\/91\/revisions\/980"}],"wp:attachment":[{"href":"https:\/\/implantologie-rabat.com\/index.php\/wp-json\/wp\/v2\/media?parent=91"}],"curies":[{"name":"wp","href":"https:\/\/api.w.org\/{rel}","templated":true}]}}