{"id":43,"date":"2016-06-07T22:05:40","date_gmt":"2016-06-07T21:05:40","guid":{"rendered":"http:\/\/the7.io\/psy\/?page_id=43"},"modified":"2023-05-12T13:37:38","modified_gmt":"2023-05-12T12:37:38","slug":"services","status":"publish","type":"page","link":"https:\/\/implantologie-rabat.com\/index.php\/services\/","title":{"rendered":"Services"},"content":{"rendered":"<div class=\"wpb-content-wrapper\"><p>[vc_row gap=\u00a0\u00bb30&Prime; equal_height=\u00a0\u00bbyes\u00a0\u00bb type=\u00a0\u00bbvc_default\u00a0\u00bb css=\u00a0\u00bb.vc_custom_1474212406595{margin-top: -15px !important;margin-bottom: -15px !important;padding-right: 25px !important;padding-left: 25px !important;}\u00a0\u00bb][vc_column width=\u00a0\u00bb1\/2&Prime; css=\u00a0\u00bb.vc_custom_1465512664873{padding-top: 0px !important;padding-right: 0px !important;padding-bottom: 0px !important;padding-left: 0px !important;background-color: #f4f4f4 !important;}\u00a0\u00bb][vc_single_image image=\u00a0\u00bb742&Prime; img_size=\u00a0\u00bb650&#215;350&Prime; onclick=\u00a0\u00bbcustom_link\u00a0\u00bb link=\u00a0\u00bbhttps:\/\/implantologie-rabat.com\/index.php\/contact\/\u00a0\u00bb][vc_row_inner css=\u00a0\u00bb.vc_custom_1495561152861{padding-top: 30px !important;padding-right: 30px !important;padding-bottom: 30px !important;padding-left: 30px !important;}\u00a0\u00bb][vc_column_inner]<div id=\"ultimate-heading-35669eb4a98b8332\" class=\"uvc-heading ult-adjust-bottom-margin ultimate-heading-35669eb4a98b8332 uvc-445 \" data-hspacer=\"no_spacer\"  data-halign=\"left\" style=\"text-align:left\"><div class=\"uvc-heading-spacer no_spacer\" style=\"top\"><\/div><div class=\"uvc-main-heading ult-responsive\"  data-ultimate-target='.uvc-heading.ultimate-heading-35669eb4a98b8332 h2'  data-responsive-json-new='{\"font-size\":\"desktop:20px;\",\"line-height\":\"desktop:30px;\"}' ><h2 style=\"font-weight:bold;margin-bottom:10px;\">R\u00e9habilitation buccale<\/h2><\/div><div class=\"uvc-sub-heading ult-responsive\"  data-ultimate-target='.uvc-heading.ultimate-heading-35669eb4a98b8332 .uvc-sub-heading '  data-responsive-json-new='{\"font-size\":\"\",\"line-height\":\"\"}'  style=\"font-weight:normal;\"><\/p>\n<p>La\u00a0<strong>R\u00e9habilitation bucco-dentaire<\/strong>\u00a0est la partie de la dentisterie qui se charge de restaurer et de rendre l\u2019esth\u00e9tique et la fonction.<\/p>\n<p>Dans notre centre nous cherchons un plan sp\u00e9cifique \u00e0 chaque patient pour r\u00e9cup\u00e9rer sa sant\u00e9 bucco-dentaire moyennant les plus modernes techniques de r\u00e9habilitation. Ce traitement nous le relions \u00e0 d\u2019autres, comme la parodontologie et l\u2019orthodontie.<\/p>\n<p>Avec les nouvelles techniques de dentisterie on arrive \u00e0 faire ces r\u00e9habilitations avec des proth\u00e8ses fix\u00e9es sur les dents ou sur les implants dentaires, sur plus du 95% des patients, tout en \u00e9vitant les proth\u00e8ses amovibles, beaucoup plus embarrassantes.<\/div><\/div>[vc_column_text css=\u00a0\u00bb.vc_custom_1554379400985{padding-bottom: 20px !important;}\u00a0\u00bb]Avec l\u2019\u00e9volution de l\u2019implantologie et du concept esth\u00e9tique chez l\u2019adulte, la th\u00e9rapeutique implantaire exige souvent une pr\u00e9paration orthodontique. En effet, dans le cas d\u2019ag\u00e9n\u00e9sie ou de perte dentaire ancienne, on se trouve g\u00e9n\u00e9ralement face \u00e0 des versions dentaires ou une diminution de l\u2019espace.[\/vc_column_text]<style type=\"text\/css\" data-type=\"the7_shortcodes-inline-css\">#default-btn-2490dc60f022a86f00020ca6b80d7d22.ico-right-side > i {\n  margin-right: 0px;\n  margin-left: 8px;\n}\n#default-btn-2490dc60f022a86f00020ca6b80d7d22 > i {\n  margin-right: 8px;\n}\n<\/style><a href=\"http:\/\/implantologie-rabat.com\/index.php\/contact\/\" class=\"default-btn-shortcode dt-btn dt-btn-m link-hover-off btn-inline-left \" id=\"default-btn-2490dc60f022a86f00020ca6b80d7d22\"><span>Pendre Rendez-vous<\/span><\/a>[\/vc_column_inner][\/vc_row_inner][\/vc_column][vc_column width=\u00a0\u00bb1\/2&Prime; css=\u00a0\u00bb.vc_custom_1465513512966{padding-top: 0px !important;padding-right: 0px !important;padding-bottom: 0px !important;padding-left: 0px !important;background-color: #f4f4f4 !important;}\u00a0\u00bb][vc_single_image image=\u00a0\u00bb752&Prime; img_size=\u00a0\u00bb650&#215;350&Prime; onclick=\u00a0\u00bbcustom_link\u00a0\u00bb link=\u00a0\u00bbhttps:\/\/implantologie-rabat.com\/index.php\/contact\/\u00a0\u00bb][vc_row_inner css=\u00a0\u00bb.vc_custom_1495561152861{padding-top: 30px !important;padding-right: 30px !important;padding-bottom: 30px !important;padding-left: 30px !important;}\u00a0\u00bb][vc_column_inner]<div id=\"ultimate-heading-22369eb4a98b84fe\" class=\"uvc-heading ult-adjust-bottom-margin ultimate-heading-22369eb4a98b84fe uvc-7644 \" data-hspacer=\"no_spacer\"  data-halign=\"left\" style=\"text-align:left\"><div class=\"uvc-heading-spacer no_spacer\" style=\"top\"><\/div><div class=\"uvc-main-heading ult-responsive\"  data-ultimate-target='.uvc-heading.ultimate-heading-22369eb4a98b84fe h2'  data-responsive-json-new='{\"font-size\":\"desktop:20px;\",\"line-height\":\"desktop:30px;\"}' ><h2 style=\"font-weight:bold;margin-bottom:10px;\">Scanographie 3D<\/h2><\/div><\/div>[vc_column_text css=\u00a0\u00bb.vc_custom_1554467415454{padding-bottom: 20px !important;}\u00a0\u00bb]La scanographie 3D est une technologie m\u00e9dicale qui a \u00e9volu\u00e9 \u00e0 un rythme incroyable au cours des d\u00e9cennies pass\u00e9es, ce qui a conduit \u00e0 l\u2019am\u00e9lioration de la qualit\u00e9 des soins prodigu\u00e9s aux personnes malades. Et ceci est particuli\u00e8rement vrai pour la dentisterie. L\u2019un des d\u00e9veloppements les plus importants et passionnants de la technologie de diagnostic dentaire durant la derni\u00e8re d\u00e9cennie a \u00e9t\u00e9 l\u2019av\u00e8nement de la\u00a0<strong>scanographie 3D<\/strong>.\u00a0 Qu\u2019est ce que la scanographie dentaire 3D ? Comment cela fonctionne et quels en sont les diff\u00e9rents avantages ?<\/p>\n<p>Cette avanc\u00e9e technologique incroyable permet aux dentistes de voir votre bouche d\u2019une mani\u00e8re qui n\u2019\u00e9tait pas possible auparavant avec la technologie de tomographie par rayons X ou m\u00e9dicale. L\u2019imagerie dentaire 3D leur permet de voir vos dents et votre cr\u00e2ne, de diagnostiquer tous les probl\u00e8mes et de vous fournir un traitement plus efficace.[\/vc_column_text]<style type=\"text\/css\" data-type=\"the7_shortcodes-inline-css\">#default-btn-2490dc60f022a86f00020ca6b80d7d22.ico-right-side > i {\n  margin-right: 0px;\n  margin-left: 8px;\n}\n#default-btn-2490dc60f022a86f00020ca6b80d7d22 > i {\n  margin-right: 8px;\n}\n<\/style><a href=\"http:\/\/implantologie-rabat.com\/index.php\/contact\/\" class=\"default-btn-shortcode dt-btn dt-btn-m link-hover-off btn-inline-left \" id=\"default-btn-2490dc60f022a86f00020ca6b80d7d22\"><span>Prendre rendez-vous<\/span><\/a>[\/vc_column_inner][\/vc_row_inner][\/vc_column][\/vc_row][vc_row gap=\u00a0\u00bb30&Prime; equal_height=\u00a0\u00bbyes\u00a0\u00bb type=\u00a0\u00bbvc_default\u00a0\u00bb css=\u00a0\u00bb.vc_custom_1474212406595{margin-top: -15px !important;margin-bottom: -15px !important;padding-right: 25px !important;padding-left: 25px !important;}\u00a0\u00bb][vc_column width=\u00a0\u00bb1\/2&Prime; css=\u00a0\u00bb.vc_custom_1465512664873{padding-top: 0px !important;padding-right: 0px !important;padding-bottom: 0px !important;padding-left: 0px !important;background-color: #f4f4f4 !important;}\u00a0\u00bb][vc_single_image image=\u00a0\u00bb722&Prime; img_size=\u00a0\u00bb650&#215;350&Prime; onclick=\u00a0\u00bbcustom_link\u00a0\u00bb link=\u00a0\u00bbhttps:\/\/implantologie-rabat.com\/index.php\/contact\/\u00a0\u00bb][vc_row_inner css=\u00a0\u00bb.vc_custom_1495561152861{padding-top: 30px !important;padding-right: 30px !important;padding-bottom: 30px !important;padding-left: 30px !important;}\u00a0\u00bb][vc_column_inner]<div id=\"ultimate-heading-307569eb4a98b85d7\" class=\"uvc-heading ult-adjust-bottom-margin ultimate-heading-307569eb4a98b85d7 uvc-4590 \" data-hspacer=\"no_spacer\"  data-halign=\"left\" style=\"text-align:left\"><div class=\"uvc-heading-spacer no_spacer\" style=\"top\"><\/div><div class=\"uvc-main-heading ult-responsive\"  data-ultimate-target='.uvc-heading.ultimate-heading-307569eb4a98b85d7 h2'  data-responsive-json-new='{\"font-size\":\"desktop:20px;\",\"line-height\":\"desktop:30px;\"}' ><h2 style=\"font-weight:bold;margin-bottom:10px;\">Implantologie<\/h2><\/div><\/div>[vc_column_text css=\u00a0\u00bb.vc_custom_1554379400985{padding-bottom: 20px !important;}\u00a0\u00bb]Avec l\u2019\u00e9volution de l\u2019implantologie et du concept esth\u00e9tique chez l\u2019adulte, la th\u00e9rapeutique implantaire exige souvent une pr\u00e9paration orthodontique. En effet, dans le cas d\u2019ag\u00e9n\u00e9sie ou de perte dentaire ancienne, on se trouve g\u00e9n\u00e9ralement face \u00e0 des versions dentaires ou une diminution de l\u2019espace.[\/vc_column_text]<style type=\"text\/css\" data-type=\"the7_shortcodes-inline-css\">#default-btn-2490dc60f022a86f00020ca6b80d7d22.ico-right-side > i {\n  margin-right: 0px;\n  margin-left: 8px;\n}\n#default-btn-2490dc60f022a86f00020ca6b80d7d22 > i {\n  margin-right: 8px;\n}\n<\/style><a href=\"http:\/\/implantologie-rabat.com\/index.php\/contact\/\" class=\"default-btn-shortcode dt-btn dt-btn-m link-hover-off btn-inline-left \" id=\"default-btn-2490dc60f022a86f00020ca6b80d7d22\"><span>Prendre rendez-vous<\/span><\/a>[\/vc_column_inner][\/vc_row_inner][\/vc_column][vc_column width=\u00a0\u00bb1\/2&Prime; css=\u00a0\u00bb.vc_custom_1465513512966{padding-top: 0px !important;padding-right: 0px !important;padding-bottom: 0px !important;padding-left: 0px !important;background-color: #f4f4f4 !important;}\u00a0\u00bb][vc_single_image image=\u00a0\u00bb724&Prime; img_size=\u00a0\u00bb650&#215;350&Prime; onclick=\u00a0\u00bbcustom_link\u00a0\u00bb link=\u00a0\u00bbhttps:\/\/implantologie-rabat.com\/index.php\/contact\/\u00a0\u00bb][vc_row_inner css=\u00a0\u00bb.vc_custom_1495561152861{padding-top: 30px !important;padding-right: 30px !important;padding-bottom: 30px !important;padding-left: 30px !important;}\u00a0\u00bb][vc_column_inner]<div id=\"ultimate-heading-375269eb4a98b869a\" class=\"uvc-heading ult-adjust-bottom-margin ultimate-heading-375269eb4a98b869a uvc-9641 \" data-hspacer=\"no_spacer\"  data-halign=\"left\" style=\"text-align:left\"><div class=\"uvc-heading-spacer no_spacer\" style=\"top\"><\/div><div class=\"uvc-main-heading ult-responsive\"  data-ultimate-target='.uvc-heading.ultimate-heading-375269eb4a98b869a h2'  data-responsive-json-new='{\"font-size\":\"desktop:20px;\",\"line-height\":\"desktop:30px;\"}' ><h2 style=\"font-weight:bold;margin-bottom:10px;\">Orthodontie<\/h2><\/div><\/div>[vc_column_text css=\u00a0\u00bb.vc_custom_1554379951348{padding-bottom: 20px !important;}\u00a0\u00bb]Des dents droites et une bonne occlusion aident \u00e0 la mastication et au langage. Elles contribuent \u00e0 une bonne sant\u00e9 dentaire et gingivale en facilitant le brossage. Des dents qui travaillent bien, vieillissent mieux et refl\u00e8tent un beau sourire. Il en r\u00e9sulte un visage harmonieux et bien \u00e9quilibr\u00e9.[\/vc_column_text]<style type=\"text\/css\" data-type=\"the7_shortcodes-inline-css\">#default-btn-2490dc60f022a86f00020ca6b80d7d22.ico-right-side > i {\n  margin-right: 0px;\n  margin-left: 8px;\n}\n#default-btn-2490dc60f022a86f00020ca6b80d7d22 > i {\n  margin-right: 8px;\n}\n<\/style><a href=\"http:\/\/implantologie-rabat.com\/index.php\/contact\/\" class=\"default-btn-shortcode dt-btn dt-btn-m link-hover-off btn-inline-left \" id=\"default-btn-2490dc60f022a86f00020ca6b80d7d22\"><span>Prendre rendez-vous<\/span><\/a>[\/vc_column_inner][\/vc_row_inner][\/vc_column][\/vc_row][vc_row gap=\u00a0\u00bb30&Prime; equal_height=\u00a0\u00bbyes\u00a0\u00bb type=\u00a0\u00bbvc_default\u00a0\u00bb css=\u00a0\u00bb.vc_custom_1474212406595{margin-top: -15px !important;margin-bottom: -15px !important;padding-right: 25px !important;padding-left: 25px !important;}\u00a0\u00bb][vc_column width=\u00a0\u00bb1\/2&Prime; css=\u00a0\u00bb.vc_custom_1465512664873{padding-top: 0px !important;padding-right: 0px !important;padding-bottom: 0px !important;padding-left: 0px !important;background-color: #f4f4f4 !important;}\u00a0\u00bb][vc_single_image image=\u00a0\u00bb661&Prime; img_size=\u00a0\u00bb650&#215;350&Prime; onclick=\u00a0\u00bbcustom_link\u00a0\u00bb link=\u00a0\u00bbhttps:\/\/implantologie-rabat.com\/index.php\/contact\/\u00a0\u00bb][vc_row_inner css=\u00a0\u00bb.vc_custom_1495561152861{padding-top: 30px !important;padding-right: 30px !important;padding-bottom: 30px !important;padding-left: 30px !important;}\u00a0\u00bb][vc_column_inner]<div id=\"ultimate-heading-981869eb4a98b8749\" class=\"uvc-heading ult-adjust-bottom-margin ultimate-heading-981869eb4a98b8749 uvc-8473 \" data-hspacer=\"no_spacer\"  data-halign=\"left\" style=\"text-align:left\"><div class=\"uvc-heading-spacer no_spacer\" style=\"top\"><\/div><div class=\"uvc-main-heading ult-responsive\"  data-ultimate-target='.uvc-heading.ultimate-heading-981869eb4a98b8749 h2'  data-responsive-json-new='{\"font-size\":\"desktop:20px;\",\"line-height\":\"desktop:30px;\"}' ><h2 style=\"font-weight:bold;margin-bottom:10px;\">Couronnes dentaires<\/h2><\/div><\/div>[vc_column_text css=\u00a0\u00bb.vc_custom_1554468202577{padding-bottom: 20px !important;}\u00a0\u00bb]<\/p>\n<div class=\"breadcrumb\"><\/div>\n<div class=\"post-content box mark-links entry-content\">\n<p>&nbsp;<\/p>\n<h2><\/h2>\n<p>Les couronnes dentaires sont certainement l\u2019une des proth\u00e8ses dentaires (partielles fixes) les plus utilis\u00e9es pour recouvrir une dent ab\u00eem\u00e9e ou morte. Pour \u00eatre possible, il faut cependant que la pulpe de la dent soit intacte et que l\u2019on puisse la traiter par canal. Dans ce genre de situations, il ne sera pas possible d\u2019y poser un plombage ou une facette, ce qui n\u00e9cessitera de fixer \u00e0 l\u2019aide de ciment une sorte de capuchon qui recouvrira votre dent naturelle. R\u00e9sultat,\u00a0<strong>c\u2019est un soin dentaire id\u00e9al pour corriger un d\u00e9faut mineur<\/strong>\u00a0comme une carie ou une dent cass\u00e9e, ou m\u00eame retrouver un sourire plus \u00e9clatant en uniformisant la couleur de votre dentition<\/p>\n<\/div>\n<p>[\/vc_column_text]<style type=\"text\/css\" data-type=\"the7_shortcodes-inline-css\">#default-btn-2490dc60f022a86f00020ca6b80d7d22.ico-right-side > i {\n  margin-right: 0px;\n  margin-left: 8px;\n}\n#default-btn-2490dc60f022a86f00020ca6b80d7d22 > i {\n  margin-right: 8px;\n}\n<\/style><a href=\"http:\/\/implantologie-rabat.com\/index.php\/contact\/\" class=\"default-btn-shortcode dt-btn dt-btn-m link-hover-off btn-inline-left \" id=\"default-btn-2490dc60f022a86f00020ca6b80d7d22\"><span>Prendre rendez-vous<\/span><\/a>[\/vc_column_inner][\/vc_row_inner][\/vc_column][vc_column width=\u00a0\u00bb1\/2&Prime; css=\u00a0\u00bb.vc_custom_1465513512966{padding-top: 0px !important;padding-right: 0px !important;padding-bottom: 0px !important;padding-left: 0px !important;background-color: #f4f4f4 !important;}\u00a0\u00bb][vc_single_image image=\u00a0\u00bb755&Prime; img_size=\u00a0\u00bb650&#215;350&Prime; onclick=\u00a0\u00bbcustom_link\u00a0\u00bb link=\u00a0\u00bbhttps:\/\/implantologie-rabat.com\/index.php\/contact\/\u00a0\u00bb][vc_row_inner css=\u00a0\u00bb.vc_custom_1495561152861{padding-top: 30px !important;padding-right: 30px !important;padding-bottom: 30px !important;padding-left: 30px !important;}\u00a0\u00bb][vc_column_inner]<div id=\"ultimate-heading-606469eb4a98b87ec\" class=\"uvc-heading ult-adjust-bottom-margin ultimate-heading-606469eb4a98b87ec uvc-3122 \" data-hspacer=\"no_spacer\"  data-halign=\"left\" style=\"text-align:left\"><div class=\"uvc-heading-spacer no_spacer\" style=\"top\"><\/div><div class=\"uvc-main-heading ult-responsive\"  data-ultimate-target='.uvc-heading.ultimate-heading-606469eb4a98b87ec h2'  data-responsive-json-new='{\"font-size\":\"desktop:20px;\",\"line-height\":\"desktop:30px;\"}' ><h2 style=\"font-weight:bold;margin-bottom:10px;\">Proth\u00e8se dentaire<\/h2><\/div><\/div>[vc_column_text css=\u00a0\u00bb.vc_custom_1554468024463{padding-bottom: 20px !important;}\u00a0\u00bb]La principale raison qui peut vous pousser \u00e0 souhaiter vous faire poser une proth\u00e8se dentaire reste pour remplacer une ou plusieurs dents manquantes, ou trop ab\u00eem\u00e9es. Bien s\u00fbr, les personnes \u00e2g\u00e9es sont plus susceptibles d\u2019\u00e9prouver le besoin de remplacer tout ou partie de leur dentition, mais les plus jeunes peuvent \u00e9galement se tourner vers cette solution \u00e0 la suite d\u2019une carie ou d\u2019une parodontite.<\/p>\n<p>En rempla\u00e7ant vos dents tomb\u00e9es ou ab\u00eem\u00e9es, une proth\u00e8se dentaire vous permettra de retrouver une mastication normale, un joli sourire, mais aura \u00e9galement un r\u00f4le pr\u00e9ventif en \u00e9vitant que d\u2019autres dents ne se d\u00e9placent.[\/vc_column_text]<style type=\"text\/css\" data-type=\"the7_shortcodes-inline-css\">#default-btn-2490dc60f022a86f00020ca6b80d7d22.ico-right-side > i {\n  margin-right: 0px;\n  margin-left: 8px;\n}\n#default-btn-2490dc60f022a86f00020ca6b80d7d22 > i {\n  margin-right: 8px;\n}\n<\/style><a href=\"http:\/\/implantologie-rabat.com\/index.php\/contact\/\" class=\"default-btn-shortcode dt-btn dt-btn-m link-hover-off btn-inline-left \" id=\"default-btn-2490dc60f022a86f00020ca6b80d7d22\"><span>Prendre rendez-vous<\/span><\/a>[\/vc_column_inner][\/vc_row_inner][\/vc_column][\/vc_row]<\/p>\n<\/div>","protected":false},"excerpt":{"rendered":"<p>[vc_row gap=\u00a0\u00bb30&Prime; equal_height=\u00a0\u00bbyes\u00a0\u00bb type=\u00a0\u00bbvc_default\u00a0\u00bb css=\u00a0\u00bb.vc_custom_1474212406595{margin-top: -15px !important;margin-bottom: -15px !important;padding-right: 25px !important;padding-left: 25px !important;}\u00a0\u00bb][vc_column width=\u00a0\u00bb1\/2&Prime; css=\u00a0\u00bb.vc_custom_1465512664873{padding-top: 0px !important;padding-right: 0px !important;padding-bottom: 0px !important;padding-left: 0px !important;background-color: #f4f4f4 !important;}\u00a0\u00bb][vc_single_image image=\u00a0\u00bb742&Prime; img_size=\u00a0\u00bb650&#215;350&Prime; onclick=\u00a0\u00bbcustom_link\u00a0\u00bb link=\u00a0\u00bbhttps:\/\/implantologie-rabat.com\/index.php\/contact\/\u00a0\u00bb][vc_row_inner css=\u00a0\u00bb.vc_custom_1495561152861{padding-top: 30px !important;padding-right: 30px !important;padding-bottom: 30px !important;padding-left: 30px !important;}\u00a0\u00bb][vc_column_inner][vc_column_text css=\u00a0\u00bb.vc_custom_1554379400985{padding-bottom: 20px !important;}\u00a0\u00bb]Avec l\u2019\u00e9volution de l\u2019implantologie et du concept esth\u00e9tique chez l\u2019adulte, la th\u00e9rapeutique implantaire exige souvent&hellip;<\/p>\n","protected":false},"author":125,"featured_media":0,"parent":0,"menu_order":3,"comment_status":"closed","ping_status":"closed","template":"","meta":{"footnotes":""},"_links":{"self":[{"href":"https:\/\/implantologie-rabat.com\/index.php\/wp-json\/wp\/v2\/pages\/43"}],"collection":[{"href":"https:\/\/implantologie-rabat.com\/index.php\/wp-json\/wp\/v2\/pages"}],"about":[{"href":"https:\/\/implantologie-rabat.com\/index.php\/wp-json\/wp\/v2\/types\/page"}],"author":[{"embeddable":true,"href":"https:\/\/implantologie-rabat.com\/index.php\/wp-json\/wp\/v2\/users\/125"}],"replies":[{"embeddable":true,"href":"https:\/\/implantologie-rabat.com\/index.php\/wp-json\/wp\/v2\/comments?post=43"}],"version-history":[{"count":9,"href":"https:\/\/implantologie-rabat.com\/index.php\/wp-json\/wp\/v2\/pages\/43\/revisions"}],"predecessor-version":[{"id":979,"href":"https:\/\/implantologie-rabat.com\/index.php\/wp-json\/wp\/v2\/pages\/43\/revisions\/979"}],"wp:attachment":[{"href":"https:\/\/implantologie-rabat.com\/index.php\/wp-json\/wp\/v2\/media?parent=43"}],"curies":[{"name":"wp","href":"https:\/\/api.w.org\/{rel}","templated":true}]}}