{"id":301,"date":"2016-06-03T12:15:53","date_gmt":"2016-06-03T11:15:53","guid":{"rendered":"http:\/\/the7.io\/psy\/?page_id=2"},"modified":"2023-05-25T12:24:41","modified_gmt":"2023-05-25T11:24:41","slug":"home","status":"publish","type":"page","link":"https:\/\/implantologie-rabat.com\/","title":{"rendered":"Home"},"content":{"rendered":"<div class=\"wpb-content-wrapper\"><p>[vc_row content_placement=\u00a0\u00bbmiddle\u00a0\u00bb css_animation=\u00a0\u00bbfadeInDown\u00a0\u00bb type=\u00a0\u00bbvc_default\u00a0\u00bb css=\u00a0\u00bb.vc_custom_1571312524920{padding-bottom: 55px !important;}\u00a0\u00bb][vc_column css_animation=\u00a0\u00bbfadeIn\u00a0\u00bb offset=\u00a0\u00bbvc_col-lg-offset-0 vc_col-lg-6 vc_col-md-offset-0 vc_col-md-6 vc_col-xs-12&Prime;][vc_video link=\u00a0\u00bbhttps:\/\/www.youtube.com\/watch?v=HeQGctuR32o\u00a0\u00bb css_animation=\u00a0\u00bbfadeIn\u00a0\u00bb][\/vc_column][vc_column offset=\u00a0\u00bbvc_col-lg-6 vc_col-md-6 vc_col-xs-12&Prime;]<div id=\"ultimate-heading-49026a0457efd74b3\" class=\"uvc-heading ult-adjust-bottom-margin ultimate-heading-49026a0457efd74b3 uvc-7089 \" data-hspacer=\"no_spacer\"  data-halign=\"left\" style=\"text-align:left\"><div class=\"uvc-heading-spacer no_spacer\" style=\"top\"><\/div><div class=\"uvc-main-heading ult-responsive\"  data-ultimate-target='.uvc-heading.ultimate-heading-49026a0457efd74b3 h4'  data-responsive-json-new='{\"font-size\":\"desktop:26px;\",\"line-height\":\"desktop:40px;\"}' ><h4 style=\"font-family:&#039;Raleway&#039;;font-weight:600;margin-bottom:20px;\">Une expertise compl\u00e8te en implantologie pour un sourire sant\u00e9 de toute beaut\u00e9 !<\/h4><\/div><\/div>[vc_column_text css=\u00a0\u00bb.vc_custom_1571312164619{margin-bottom: 10px !important;}\u00a0\u00bb]<\/p>\n<p class=\"BasicParagraph\">L\u2019implantologie dentaire s\u2019est consid\u00e9rablement d\u00e9velopp\u00e9e ces derni\u00e8res ann\u00e9es au Maroc et partout dans le Monde, permettant ainsi d\u2019<strong>\u00e9viter le recours au bridge<\/strong> et aux appareils amovibles et offrant <strong>une solution r\u00e9ellement durable<\/strong>. Les r\u00e9sultats sont par ailleurs excellents et les patients qui vivent aujourd\u2019hui avec un implant en sont satisfaits. Les <strong>experts en implantologie<\/strong> du Centre Dentaire Agdal de Rabat au Maroc vous propose aujourd\u2019hui de vous accompagner dans l&rsquo;<strong>am\u00e9lioration de votre capital sourire<\/strong>.<\/p>\n<p>[\/vc_column_text]<style type=\"text\/css\" data-type=\"the7_shortcodes-inline-css\">#default-btn-9a6e0564ee6d8f8cf33e905d6fc5388c {\n  border-radius: 25px;\n  font-size: 14px;\n  line-height: 16px;\n}\n.btn-shadow#default-btn-9a6e0564ee6d8f8cf33e905d6fc5388c {\n  box-shadow: 0 1px 6px rgba(0,0,0,0.12);\n  transition: box-shadow 0.2s ease-out, opacity 0.45s;\n}\n.btn-shadow#default-btn-9a6e0564ee6d8f8cf33e905d6fc5388c:hover {\n  box-shadow: 0 5px 11px 0 rgba(0,0,0,0.18), 0 4px 15px 0 rgba(0,0,0,0.15);\n}\n.btn-3d#default-btn-9a6e0564ee6d8f8cf33e905d6fc5388c {\n  box-shadow: 0px 2px 0px 0px #277f78;\n}\n.btn-3d#default-btn-9a6e0564ee6d8f8cf33e905d6fc5388c:hover {\n  box-shadow: 0px 2px 0px 0px #3a4e51;\n}\n.btn-flat#default-btn-9a6e0564ee6d8f8cf33e905d6fc5388c {\n  box-shadow: none;\n}\n.btn-flat#default-btn-9a6e0564ee6d8f8cf33e905d6fc5388c:hover {\n  box-shadow: none;\n}\n#default-btn-9a6e0564ee6d8f8cf33e905d6fc5388c.ico-right-side > i {\n  margin-right: 0px;\n  margin-left: 8px;\n}\n#default-btn-9a6e0564ee6d8f8cf33e905d6fc5388c > i {\n  margin-right: 8px;\n  font-size: 14px;\n}\n#default-btn-9a6e0564ee6d8f8cf33e905d6fc5388c:not(:hover) {\n  border-width: 0px;\n  background: #1fc5b7 !important;\n  padding: 12px 18px 12px 18px;\n}\n#default-btn-9a6e0564ee6d8f8cf33e905d6fc5388c:hover {\n  border-width: 0px;\n  background: #407f88 !important;\n  padding: 12px 18px 12px 18px;\n}\n#default-btn-9a6e0564ee6d8f8cf33e905d6fc5388c.ico-right-side > i {\n  margin-right: 0px;\n  margin-left: 8px;\n}\n#default-btn-9a6e0564ee6d8f8cf33e905d6fc5388c > i {\n  margin-right: 8px;\n}\n<\/style><a href=\"http:\/\/implantologie-rabat.com\/index.php\/2019\/10\/17\/les-implants-dentaires-en-quatre-questions\/\" class=\"default-btn-shortcode dt-btn fadeIn animate-element animation-builder link-hover-off ico-right-side btn-inline-left btn-flat  vc_custom_1632499965062\" id=\"default-btn-9a6e0564ee6d8f8cf33e905d6fc5388c\"><span>En savoir plus sur l&rsquo;implant dentaire<\/span><i class=\"fa fa-arrow-circle-right\"><\/i><\/a><style type=\"text\/css\" data-type=\"the7_shortcodes-inline-css\">#default-btn-47dab65fd8e56a5b0e15c84fd1318030.ico-right-side > i {\n  margin-right: 0px;\n  margin-left: 8px;\n}\n#default-btn-47dab65fd8e56a5b0e15c84fd1318030 > i {\n  margin-right: 8px;\n}\n<\/style><a href=\"http:\/\/implantologie-rabat.com\/index.php\/contact\/\" class=\"default-btn-shortcode dt-btn dt-btn-m fadeIn animate-element animation-builder link-hover-off ico-right-side btn-inline-left  vc_custom_1632499984073\" id=\"default-btn-47dab65fd8e56a5b0e15c84fd1318030\"><span>Prendre un rendez-vous ?<\/span><i class=\"fa fa-calendar\"><\/i><\/a>[\/vc_column][\/vc_row][vc_row bg_type=\u00a0\u00bbimage\u00a0\u00bb parallax_style=\u00a0\u00bbvcpb-default\u00a0\u00bb bg_image_new=\u00a0\u00bbid^692|url^https:\/\/implantologie-rabat.com\/wp-content\/uploads\/2016\/06\/img-bloc-operatoire-implantologie-rabat-maroc.jpg|caption^null|alt^null|title^img-bloc-operatoire-implantologie-rabat-maroc|description^null\u00a0\u00bb bg_image_repeat=\u00a0\u00bbno-repeat\u00a0\u00bb bg_override=\u00a0\u00bbex-full\u00a0\u00bb enable_overlay=\u00a0\u00bbenable_overlay_value\u00a0\u00bb overlay_color=\u00a0\u00bbrgba(0,155,175,0.7)\u00a0\u00bb overlay_pattern=\u00a0\u00bb01.png\u00a0\u00bb overlay_pattern_opacity=\u00a0\u00bb80&Prime; type=\u00a0\u00bbvc_default\u00a0\u00bb css=\u00a0\u00bb.vc_custom_1571318164875{padding-top: 30px !important;padding-bottom: 30px !important;}\u00a0\u00bb][vc_column css_animation=\u00a0\u00bbfadeInDown\u00a0\u00bb width=\u00a0\u00bb1\/2&Prime;]<div id=\"ultimate-heading-77586a0457efd77f9\" class=\"uvc-heading ult-adjust-bottom-margin ultimate-heading-77586a0457efd77f9 uvc-2408 \" data-hspacer=\"no_spacer\"  data-halign=\"left\" style=\"text-align:left\"><div class=\"uvc-heading-spacer no_spacer\" style=\"top\"><\/div><div class=\"uvc-main-heading ult-responsive\"  data-ultimate-target='.uvc-heading.ultimate-heading-77586a0457efd77f9 h1'  data-responsive-json-new='{\"font-size\":\"desktop:30px;\",\"line-height\":\"desktop:40px;\"}' ><h1 style=\"font-weight:bold;color:#ffffff;margin-bottom:20px;\">Les 10 r\u00e9ponses \u00e0 vos questions sur les implants dentaires<\/h1><\/div><div class=\"uvc-sub-heading ult-responsive\"  data-ultimate-target='.uvc-heading.ultimate-heading-77586a0457efd77f9 .uvc-sub-heading '  data-responsive-json-new='{\"font-size\":\"desktop:16px;\",\"line-height\":\"desktop:28px;\"}'  style=\"font-weight:normal;color:#ffffff;\"><\/p>\n<p class=\"lead\">Vous \u00eates tr\u00e8s int\u00e9ress\u00e9 par la pose des implants dentaires ?<br \/>\nEt vous aimeriez avoir des r\u00e9ponses \u00e0 des questions avant de planifier cette technique pour am\u00e9liorer votre qualit\u00e9 de vie et la beaut\u00e9 de votre sourire ?<\/p>\n<p>Nos experts en implantologie vous apportent des r\u00e9ponses claires aux 10 questions les plus fr\u00e9quemment pos\u00e9es sur les implants dentaires.<\/div><\/div><style type=\"text\/css\" data-type=\"the7_shortcodes-inline-css\">#default-btn-8511806413156a837d1673c0b64b1277 {\n  border-radius: 25px;\n  font-size: 15px;\n  line-height: 17px;\n}\n.btn-shadow#default-btn-8511806413156a837d1673c0b64b1277 {\n  box-shadow: 0 1px 6px rgba(0,0,0,0.12);\n  transition: box-shadow 0.2s ease-out, opacity 0.45s;\n}\n.btn-shadow#default-btn-8511806413156a837d1673c0b64b1277:hover {\n  box-shadow: 0 5px 11px 0 rgba(0,0,0,0.18), 0 4px 15px 0 rgba(0,0,0,0.15);\n}\n.btn-3d#default-btn-8511806413156a837d1673c0b64b1277 {\n  box-shadow: 0px 2px 0px 0px #277f78;\n}\n.btn-3d#default-btn-8511806413156a837d1673c0b64b1277:hover {\n  box-shadow: 0px 2px 0px 0px #3a4e51;\n}\n.btn-flat#default-btn-8511806413156a837d1673c0b64b1277 {\n  box-shadow: none;\n}\n.btn-flat#default-btn-8511806413156a837d1673c0b64b1277:hover {\n  box-shadow: none;\n}\n#default-btn-8511806413156a837d1673c0b64b1277.ico-right-side > i {\n  margin-right: 0px;\n  margin-left: 8px;\n}\n#default-btn-8511806413156a837d1673c0b64b1277 > i {\n  margin-right: 8px;\n  font-size: 15px;\n}\n#default-btn-8511806413156a837d1673c0b64b1277:not(:hover) {\n  border-width: 0px;\n  background: #1fc5b7 !important;\n  padding: 18px 24px 18px 24px;\n}\n#default-btn-8511806413156a837d1673c0b64b1277:hover {\n  border-width: 0px;\n  background: #407f88 !important;\n  padding: 18px 24px 18px 24px;\n}\n#default-btn-8511806413156a837d1673c0b64b1277.ico-right-side > i {\n  margin-right: 0px;\n  margin-left: 8px;\n}\n#default-btn-8511806413156a837d1673c0b64b1277 > i {\n  margin-right: 8px;\n}\n<\/style><a href=\"http:\/\/implantologie-rabat.com\/index.php\/2019\/10\/17\/vrai-faux-10-idees-recues-sur-les-implants-dentaires\/\" class=\"default-btn-shortcode dt-btn fadeIn animate-element animation-builder link-hover-off ico-right-side btn-inline-left btn-flat  vc_custom_1632500042915\" id=\"default-btn-8511806413156a837d1673c0b64b1277\"><span>Consulter les 10 r\u00e9ponses<\/span><i class=\"fa fa-arrow-circle-right\"><\/i><\/a>[\/vc_column][vc_column width=\u00a0\u00bb1\/2&Prime; css=\u00a0\u00bb.vc_custom_1465915330978{margin-top: 25px !important;}\u00a0\u00bb][vc_single_image image=\u00a0\u00bb722&Prime; img_size=\u00a0\u00bb350&#215;350&Prime; alignment=\u00a0\u00bbcenter\u00a0\u00bb style=\u00a0\u00bbvc_box_circle_2&Prime; css_animation=\u00a0\u00bbfadeInDownBig\u00a0\u00bb][\/vc_column][\/vc_row][vc_row type=\u00a0\u00bbvc_default\u00a0\u00bb css=\u00a0\u00bb.vc_custom_1571313523455{padding-top: 40px !important;padding-bottom: 40px !important;}\u00a0\u00bb][vc_column offset=\u00a0\u00bbvc_col-lg-offset-2 vc_col-lg-8 vc_col-md-offset-2 vc_col-md-8&Prime;]<div id=\"ultimate-heading-90186a0457efd7906\" class=\"uvc-heading ult-adjust-bottom-margin ultimate-heading-90186a0457efd7906 uvc-1635 \" data-hspacer=\"no_spacer\"  data-halign=\"center\" style=\"text-align:center\"><div class=\"uvc-heading-spacer no_spacer\" style=\"top\"><\/div><div class=\"uvc-main-heading ult-responsive\"  data-ultimate-target='.uvc-heading.ultimate-heading-90186a0457efd7906 h1'  data-responsive-json-new='{\"font-size\":\"desktop:30px;\",\"line-height\":\"desktop:40px;\"}' ><h1 style=\"font-weight:bold;margin-bottom:10px;\">Pourquoi nous confier votre projet de pose d'un implant dentaire ?<\/h1><\/div><div class=\"uvc-sub-heading ult-responsive\"  data-ultimate-target='.uvc-heading.ultimate-heading-90186a0457efd7906 .uvc-sub-heading '  data-responsive-json-new='{\"font-size\":\"desktop:16px;\",\"line-height\":\"desktop:28px;\"}'  style=\"font-weight:normal;margin-bottom:55px;\">Nous apportons des solutions personnalis\u00e9es en fonction de vos besoins, de vos attentes et de vos capacit\u00e9s afin de vous permettre de profiter des bienfaits de\u00a0l\u2019implantologie dentaire.<\/div><\/div>[\/vc_column][vc_column width=\u00a0\u00bb1\/4&Prime; css=\u00a0\u00bb.vc_custom_1467283024074{padding-bottom: 40px !important;}\u00a0\u00bb]<div class=\"ult-just-icon-wrapper  \"><div class=\"align-icon\" style=\"text-align:center;\">\n<div class=\"aio-icon advanced \" data-animation=\"fadeInDown\" data-animation-delay=\"03\" style=\"color:#009baf;background:#ffffff;border-style:solid;border-color:#22c7b8;border-width:3px;width:80px;height:80px;line-height:80px;border-radius:500px;font-size:44px;display:inline-block;\">\n\t<i class=\"icomoon-brankic-32x32-medal2\"><\/i>\n<\/div><\/div><\/div><div id=\"ultimate-heading-29576a0457efd7ba1\" class=\"uvc-heading ult-adjust-bottom-margin ultimate-heading-29576a0457efd7ba1 uvc-8986  uvc-heading-default-font-sizes\" data-hspacer=\"no_spacer\"  data-halign=\"center\" style=\"text-align:center\"><div class=\"uvc-heading-spacer no_spacer\" style=\"top\"><\/div><div class=\"uvc-main-heading ult-responsive\"  data-ultimate-target='.uvc-heading.ultimate-heading-29576a0457efd7ba1 h3'  data-responsive-json-new='{\"font-size\":\"\",\"line-height\":\"\"}' ><h3 style=\"font-weight:bold;margin-top:28px;margin-bottom:20px;\">Une expertise fran\u00e7aise et une solide exp\u00e9rience au Maroc<\/h3><\/div><div class=\"uvc-sub-heading ult-responsive\"  data-ultimate-target='.uvc-heading.ultimate-heading-29576a0457efd7ba1 .uvc-sub-heading '  data-responsive-json-new='{\"font-size\":\"desktop:14px;\",\"line-height\":\"desktop:28px;\"}'  style=\"font-weight:normal;\">Nos implantologues dentaires sont sp\u00e9cialis\u00e9s en Implantologie, en Esth\u00e9tique dentaire et en Orthodontie.<\/div><\/div>[\/vc_column][vc_column width=\u00a0\u00bb1\/4&Prime; css=\u00a0\u00bb.vc_custom_1467283031634{padding-bottom: 40px !important;}\u00a0\u00bb]<div class=\"ult-just-icon-wrapper  \"><div class=\"align-icon\" style=\"text-align:center;\">\n<div class=\"aio-icon advanced \" data-animation=\"fadeInDown\" data-animation-delay=\"03\" style=\"color:#22c7b8;background:#ffffff;border-style:solid;border-color:#009baf;border-width:3px;width:80px;height:80px;line-height:80px;border-radius:500px;font-size:42px;display:inline-block;\">\n\t<i class=\"icomoon-brankic-32x32-smiley\"><\/i>\n<\/div><\/div><\/div><div id=\"ultimate-heading-06a0457efd7c16\" class=\"uvc-heading ult-adjust-bottom-margin ultimate-heading-06a0457efd7c16 uvc-2536  uvc-heading-default-font-sizes\" data-hspacer=\"no_spacer\"  data-halign=\"center\" style=\"text-align:center\"><div class=\"uvc-heading-spacer no_spacer\" style=\"top\"><\/div><div class=\"uvc-main-heading ult-responsive\"  data-ultimate-target='.uvc-heading.ultimate-heading-06a0457efd7c16 h3'  data-responsive-json-new='{\"font-size\":\"\",\"line-height\":\"\"}' ><h3 style=\"font-weight:bold;margin-top:28px;margin-bottom:20px;\">Une relation de confiance et durable avec nos patients<\/h3><\/div><div class=\"uvc-sub-heading ult-responsive\"  data-ultimate-target='.uvc-heading.ultimate-heading-06a0457efd7c16 .uvc-sub-heading '  data-responsive-json-new='{\"font-size\":\"desktop:14px;\",\"line-height\":\"desktop:28px;\"}'  style=\"font-weight:normal;\">Le Dr Adil Guelzim, fondateur du Centre Dentaire Agdal, est entour\u00e9 d&rsquo;une \u00e9quipe de confiance et attentive \u00e0 vos besoins avant, pendant et apr\u00e8s le traitement.<\/div><\/div>[\/vc_column][vc_column width=\u00a0\u00bb1\/4&Prime; css=\u00a0\u00bb.vc_custom_1467283041005{padding-bottom: 40px !important;}\u00a0\u00bb]<div class=\"ult-just-icon-wrapper  \"><div class=\"align-icon\" style=\"text-align:center;\">\n<div class=\"aio-icon advanced \" data-animation=\"fadeInDown\" data-animation-delay=\"03\" style=\"color:#009baf;background:#ffffff;border-style:solid;border-color:#22c7b8;border-width:3px;width:80px;height:80px;line-height:80px;border-radius:500px;font-size:44px;display:inline-block;\">\n\t<i class=\"icomoon-brankic-32x32-stack3\"><\/i>\n<\/div><\/div><\/div><div id=\"ultimate-heading-60396a0457efd7c6d\" class=\"uvc-heading ult-adjust-bottom-margin ultimate-heading-60396a0457efd7c6d uvc-5506  uvc-heading-default-font-sizes\" data-hspacer=\"no_spacer\"  data-halign=\"center\" style=\"text-align:center\"><div class=\"uvc-heading-spacer no_spacer\" style=\"top\"><\/div><div class=\"uvc-main-heading ult-responsive\"  data-ultimate-target='.uvc-heading.ultimate-heading-60396a0457efd7c6d h3'  data-responsive-json-new='{\"font-size\":\"\",\"line-height\":\"\"}' ><h3 style=\"font-weight:bold;margin-top:28px;margin-bottom:20px;\">Ma\u00eetrise des technologies de pointe en implantologie<\/h3><\/div><div class=\"uvc-sub-heading ult-responsive\"  data-ultimate-target='.uvc-heading.ultimate-heading-60396a0457efd7c6d .uvc-sub-heading '  data-responsive-json-new='{\"font-size\":\"desktop:14px;\",\"line-height\":\"desktop:28px;\"}'  style=\"font-weight:normal;\"><\/p>\n<div class=\"g\">\n<div data-hveid=\"CAMQAA\" data-ved=\"2ahUKEwiyw8y-paPlAhUS1RoKHcm3DjwQFSgAMAl6BAgDEAA\">\n<div class=\"rc\">\n<div class=\"s\">\n<div><span class=\"st\">Nous utilisons les\u00a0technologies\u00a0les plus avanc\u00e9es pour placer des\u00a0implants dentaires\u00a0haute qualit\u00e9.<\/span><\/div>\n<\/div>\n<\/div>\n<\/div>\n<\/div>\n<p><\/div><\/div>[\/vc_column][vc_column width=\u00a0\u00bb1\/4&Prime; css=\u00a0\u00bb.vc_custom_1467283046468{padding-bottom: 40px !important;}\u00a0\u00bb]<div class=\"ult-just-icon-wrapper  \"><div class=\"align-icon\" style=\"text-align:center;\">\n<div class=\"aio-icon-img \" style=\"font-size:48px;background:#ffffff;border-style:solid;border-color:#009baf;border-width:3px;padding:15px;border-radius:500px;display:inline-block;\" data-animation=\"fadeInDown\" data-animation-delay=\"03\">\n\t<img decoding=\"async\" class=\"img-icon\" alt=\"null\" src=\"https:\/\/implantologie-rabat.com\/wp-content\/uploads\/2016\/06\/implant-icone-1.png\"\/>\n<\/div><\/div><\/div><div id=\"ultimate-heading-49176a0457efd8016\" class=\"uvc-heading ult-adjust-bottom-margin ultimate-heading-49176a0457efd8016 uvc-9735  uvc-heading-default-font-sizes\" data-hspacer=\"no_spacer\"  data-halign=\"center\" style=\"text-align:center\"><div class=\"uvc-heading-spacer no_spacer\" style=\"top\"><\/div><div class=\"uvc-main-heading ult-responsive\"  data-ultimate-target='.uvc-heading.ultimate-heading-49176a0457efd8016 h3'  data-responsive-json-new='{\"font-size\":\"\",\"line-height\":\"\"}' ><h3 style=\"font-weight:bold;margin-top:20px;margin-bottom:20px;\">Des implants dentaires de tr\u00e8s haute qualit\u00e9<\/h3><\/div><div class=\"uvc-sub-heading ult-responsive\"  data-ultimate-target='.uvc-heading.ultimate-heading-49176a0457efd8016 .uvc-sub-heading '  data-responsive-json-new='{\"font-size\":\"desktop:14px;\",\"line-height\":\"desktop:28px;\"}'  style=\"font-weight:normal;\">Nous utilisons des implants dentaires de tr\u00e8s haute qualit\u00e9, provenant de soci\u00e9t\u00e9s mondialement reconnues.<\/div><\/div>[\/vc_column][\/vc_row]<\/p>\n<\/div>","protected":false},"excerpt":{"rendered":"<p>[vc_row content_placement=\u00a0\u00bbmiddle\u00a0\u00bb css_animation=\u00a0\u00bbfadeInDown\u00a0\u00bb type=\u00a0\u00bbvc_default\u00a0\u00bb css=\u00a0\u00bb.vc_custom_1571312524920{padding-bottom: 55px !important;}\u00a0\u00bb][vc_column css_animation=\u00a0\u00bbfadeIn\u00a0\u00bb offset=\u00a0\u00bbvc_col-lg-offset-0 vc_col-lg-6 vc_col-md-offset-0 vc_col-md-6 vc_col-xs-12&Prime;][vc_video link=\u00a0\u00bbhttps:\/\/www.youtube.com\/watch?v=HeQGctuR32o\u00a0\u00bb css_animation=\u00a0\u00bbfadeIn\u00a0\u00bb][\/vc_column][vc_column offset=\u00a0\u00bbvc_col-lg-6 vc_col-md-6 vc_col-xs-12&Prime;][vc_column_text css=\u00a0\u00bb.vc_custom_1571312164619{margin-bottom: 10px !important;}\u00a0\u00bb] L\u2019implantologie dentaire s\u2019est consid\u00e9rablement d\u00e9velopp\u00e9e ces derni\u00e8res ann\u00e9es au Maroc et partout dans le Monde, permettant ainsi d\u2019\u00e9viter le recours au bridge et aux appareils amovibles et offrant une solution r\u00e9ellement durable. Les r\u00e9sultats&hellip;<\/p>\n","protected":false},"author":125,"featured_media":0,"parent":0,"menu_order":0,"comment_status":"closed","ping_status":"closed","template":"","meta":{"footnotes":""},"_links":{"self":[{"href":"https:\/\/implantologie-rabat.com\/index.php\/wp-json\/wp\/v2\/pages\/301"}],"collection":[{"href":"https:\/\/implantologie-rabat.com\/index.php\/wp-json\/wp\/v2\/pages"}],"about":[{"href":"https:\/\/implantologie-rabat.com\/index.php\/wp-json\/wp\/v2\/types\/page"}],"author":[{"embeddable":true,"href":"https:\/\/implantologie-rabat.com\/index.php\/wp-json\/wp\/v2\/users\/125"}],"replies":[{"embeddable":true,"href":"https:\/\/implantologie-rabat.com\/index.php\/wp-json\/wp\/v2\/comments?post=301"}],"version-history":[{"count":131,"href":"https:\/\/implantologie-rabat.com\/index.php\/wp-json\/wp\/v2\/pages\/301\/revisions"}],"predecessor-version":[{"id":984,"href":"https:\/\/implantologie-rabat.com\/index.php\/wp-json\/wp\/v2\/pages\/301\/revisions\/984"}],"wp:attachment":[{"href":"https:\/\/implantologie-rabat.com\/index.php\/wp-json\/wp\/v2\/media?parent=301"}],"curies":[{"name":"wp","href":"https:\/\/api.w.org\/{rel}","templated":true}]}}